{"id":21939,"date":"2024-09-11T09:49:26","date_gmt":"2024-09-11T07:49:26","guid":{"rendered":"https:\/\/velosit.de\/?page_id=21939"},"modified":"2025-11-20T09:36:02","modified_gmt":"2025-11-20T08:36:02","slug":"imprint","status":"publish","type":"page","link":"https:\/\/velosit.de\/en\/imprint\/","title":{"rendered":"Imprint"},"content":{"rendered":"    <section id=\"block_7a0c52ec7fe2377e954e2c6982272e6f\" class=\"block block-text nuevo--block-text background-color-block_bg__4887a913abd943eed910dda1a35e0919\" background=\"block_bg__4887a913abd943eed910dda1a35e0919\">\n\n        \n<div class=\"content-container col-1 direction-left width-100\">\n\n                    <div class=\"block_headline animated-scrolling\">\n            <h2>ANGABEN GEM\u00c4SS \u00a7 5 TMG<\/h2>\n        <\/div>\n        \n            <div class=\"gridWrapper animated-scrolling\">\n                            <div class=\"grid\">\n                    <div class=\"grid-content\">\n                        <p>VELOSIT GmbH &amp; Co. KG<br \/>\nIndustriepark 5 \u2013 7<br \/>\n32805\u00a0Horn-Bad Meinberg<\/p>\n<table>\n<tbody>\n<tr>\n<td>Telefon:<\/td>\n<td><a class=\"tel\" href=\"tel:+49-5233-9517300\">+ 49 \u2013 52 33 \u2013 95 17 300<\/a><\/td>\n<\/tr>\n<tr>\n<td>Fax:<\/td>\n<td>+ 49 \u2013 52 33 \u2013 95 17 301<\/td>\n<\/tr>\n<tr>\n<td>E-Mail:<\/td>\n<td><a href=\"mailto:info@velosit.de\">info@velosit.de<\/a><\/td>\n<\/tr>\n<tr>\n<td>Internet:<\/td>\n<td><a href=\"https:\/\/www.velosit.de\/\">www.velosit.de<\/a><\/td>\n<\/tr>\n<\/tbody>\n<\/table>\n<p>Amtsgericht Lemgo:\u00a0HRA 5386<br \/>\nUSt-IdNr: DE295366770<\/p>\n<p>Komplement\u00e4rin: Dr. Hofele GmbH<\/p>\n<p>Amtsgericht Lemgo:\u00a0HRB\u00a08258<\/p>\n<p>Gesch\u00e4ftsf\u00fchrer: Dr. Jens Hofele<\/p>\n                                            <\/div>\n                <\/div>\n                    <\/div>\n    \n<\/div>\n    <\/section>\n        <section id=\"block_ff9416c7308414c623b18ddd5bd70440\" class=\"block block-text nuevo--block-text background-color-block_bg__4887a913abd943eed910dda1a35e0919\" background=\"block_bg__4887a913abd943eed910dda1a35e0919\">\n\n        \n<div class=\"content-container col-1 direction-left width-100\">\n\n                    <div class=\"block_headline animated-scrolling\">\n            <h2>HAFTUNG F\u00dcR INHALTE<\/h2>\n        <\/div>\n        \n            <div class=\"gridWrapper animated-scrolling\">\n                            <div class=\"grid\">\n                    <div class=\"grid-content\">\n                        <p>Die Inhalte unserer Seiten wurden mit gr\u00f6\u00dfter Sorgfalt erstellt. F\u00fcr die Richtigkeit, Vollst\u00e4ndigkeit und Aktualit\u00e4t der Inhalte k\u00f6nnen wir jedoch keine Gew\u00e4hr \u00fcbernehmen. Als Diensteanbieter sind wir gem\u00e4\u00df \u00a7 7 Abs.1 TMG f\u00fcr eigene Inhalte auf diesen Seiten nach den allgemeinen Gesetzen verantwortlich. Nach \u00a7\u00a7 8 bis 10 TMG sind wir als Diensteanbieter jedoch nicht verpflichtet, \u00fcbermittelte oder gespeicherte fremde Informationen zu \u00fcberwachen oder nach Umst\u00e4nden zu forschen, die auf eine rechtswidrige T\u00e4tigkeit hinweisen. Verpflichtungen zur Entfernung oder Sperrung der Nutzung von Informationen nach den allgemeinen Gesetzen bleiben hiervon unber\u00fchrt. Eine diesbez\u00fcgliche Haftung ist jedoch erst ab dem Zeitpunkt der Kenntnis einer konkreten Rechtsverletzung m\u00f6glich. Bei Bekanntwerden von entsprechenden Rechtsverletzungen werden wir diese Inhalte umgehend entfernen.<\/p>\n                                            <\/div>\n                <\/div>\n                    <\/div>\n    \n<\/div>\n    <\/section>\n        <section id=\"block_b2f1b8fe5b7cfaacdd59f4d15fe1f9fe\" class=\"block block-text nuevo--block-text background-color-block_bg__4887a913abd943eed910dda1a35e0919\" background=\"block_bg__4887a913abd943eed910dda1a35e0919\">\n\n        \n<div class=\"content-container col-1 direction-left width-100\">\n\n                    <div class=\"block_headline animated-scrolling\">\n            <h2>HAFTUNG F\u00dcR LINKS<\/h2>\n        <\/div>\n        \n            <div class=\"gridWrapper animated-scrolling\">\n                            <div class=\"grid\">\n                    <div class=\"grid-content\">\n                        <p>Unser Angebot enth\u00e4lt Links zu externen Webseiten Dritter, auf deren Inhalte wir keinen Einfluss haben. Deshalb k\u00f6nnen wir f\u00fcr diese fremden Inhalte auch keine Gew\u00e4hr \u00fcbernehmen. F\u00fcr die Inhalte der verlinkten Seiten ist stets der jeweilige Anbieter oder Betreiber der Seiten verantwortlich. Die VELOSIT GmbH &amp; Co. KG\u00a0erkl\u00e4rt ausdr\u00fccklich, dass zum Zeitpunkt der Linksetzung die entsprechenden verlinkten Seiten frei von illegalen Inhalten waren. Die Redaktion hat keinerlei Einfluss auf die aktuelle und zuk\u00fcnftige Gestaltung und auf die Inhalte der gelinkten \/ verkn\u00fcpften Seiten. Deshalb distanziert sich die VELOSIT GmbH &amp; Co. KG\u00a0hiermit ausdr\u00fccklich von allen Inhalten aller gelinkten \/ verkn\u00fcpften Seiten, die nach der Linksetzung ver\u00e4ndert wurden. Eine permanente inhaltliche Kontrolle der verlinkten Seiten ist jedoch ohne konkrete Anhaltspunkte einer Rechtsverletzung nicht zumutbar. Bei Bekanntwerden von Rechtsverletzungen werden wir derartige Links umgehend entfernen. F\u00fcr illegale, fehlerhafte oder unvollst\u00e4ndige Inhalte und insbesondere f\u00fcr Sch\u00e4den, die aus der Nutzung oder Nichtnutzung solcherart dargebotener Informationen entstehen, haftet allein der Anbieter der Seite, auf welche verwiesen wurde, nicht derjenige, der \u00fcber Links auf die jeweilige Ver\u00f6ffentlichung lediglich verweist.<\/p>\n                                            <\/div>\n                <\/div>\n                    <\/div>\n    \n<\/div>\n    <\/section>\n        <section id=\"block_cf829a199cc90426c041def1aaf49c7a\" class=\"block block-text nuevo--block-text background-color-block_bg__4887a913abd943eed910dda1a35e0919\" background=\"block_bg__4887a913abd943eed910dda1a35e0919\">\n\n        \n<div class=\"content-container col-1 direction-left width-100\">\n\n                    <div class=\"block_headline animated-scrolling\">\n            <h2>COPYRIGHT<\/h2>\n        <\/div>\n        \n            <div class=\"gridWrapper animated-scrolling\">\n                            <div class=\"grid\">\n                    <div class=\"grid-content\">\n                        <p>S\u00e4mtliche Logos, Darstellungen, Zeichnungen, Informationen und andere auf der Internetseite ver\u00f6ffentlichen Inhalte und Werke unterliegen \u2013 sofern nicht anders gekennzeichnet \u2013 dem Schutz des Urheberrechts und anderen Schutzgesetzen. Jede Vervielf\u00e4ltigung, Bearbeitung, Verbreitung, Ver\u00f6ffentlichung, Speicherung, \u00dcbermittlung, Sendung und Wieder- bzw. Weitergabe ist in jeglicher Hinsicht ohne schriftliche Genehmigung der VELOSIT GmbH &amp; Co. KG\u00a0ausdr\u00fccklich untersagt. Kopien, auch auszugsweise sind nicht zul\u00e4ssig. Soweit die Inhalte auf dieser Seite nicht vom Betreiber erstellt wurden, werden die Urheberrechte Dritter beachtet. Insbesondere werden Inhalte Dritter als solche gekennzeichnet. Sollten Sie trotzdem auf eine Urheberrechtsverletzung aufmerksam werden, bitten wir um einen entsprechenden Hinweis. Bei Bekanntwerden von Rechtsverletzungen werden wir derartige Inhalte umgehend entfernen.<\/p>\n                                            <\/div>\n                <\/div>\n                    <\/div>\n    \n<\/div>\n    <\/section>\n    ","protected":false},"excerpt":{"rendered":"","protected":false},"author":2,"featured_media":0,"parent":0,"menu_order":100,"comment_status":"closed","ping_status":"closed","template":"","meta":{"_acf_changed":false,"footnotes":""},"class_list":["post-21939","page","type-page","status-publish","hentry"],"acf":[],"_links":{"self":[{"href":"https:\/\/velosit.de\/en\/wp-json\/wp\/v2\/pages\/21939","targetHints":{"allow":["GET"]}}],"collection":[{"href":"https:\/\/velosit.de\/en\/wp-json\/wp\/v2\/pages"}],"about":[{"href":"https:\/\/velosit.de\/en\/wp-json\/wp\/v2\/types\/page"}],"author":[{"embeddable":true,"href":"https:\/\/velosit.de\/en\/wp-json\/wp\/v2\/users\/2"}],"replies":[{"embeddable":true,"href":"https:\/\/velosit.de\/en\/wp-json\/wp\/v2\/comments?post=21939"}],"version-history":[{"count":2,"href":"https:\/\/velosit.de\/en\/wp-json\/wp\/v2\/pages\/21939\/revisions"}],"predecessor-version":[{"id":23995,"href":"https:\/\/velosit.de\/en\/wp-json\/wp\/v2\/pages\/21939\/revisions\/23995"}],"wp:attachment":[{"href":"https:\/\/velosit.de\/en\/wp-json\/wp\/v2\/media?parent=21939"}],"curies":[{"name":"wp","href":"https:\/\/api.w.org\/{rel}","templated":true}]}}